{"id":4227,"date":"2020-10-12T12:06:56","date_gmt":"2020-10-12T12:06:56","guid":{"rendered":"https:\/\/www.avant-desarrollo.com\/losolivos\/?page_id=4227"},"modified":"2022-08-05T10:50:51","modified_gmt":"2022-08-05T10:50:51","slug":"politica-de-cookies","status":"publish","type":"page","link":"https:\/\/centrolosolivos.com\/en\/politica-de-cookies\/","title":{"rendered":"Pol\u00edtica de Cookies"},"content":{"rendered":"\t\t<div data-elementor-type=\"wp-page\" data-elementor-id=\"4227\" class=\"elementor elementor-4227 elementor-2787\">\n\t\t\t\t\t\t<section class=\"elementor-section elementor-top-section elementor-element elementor-element-5b607924 elementor-section-boxed elementor-section-height-default elementor-section-height-default\" data-id=\"5b607924\" data-element_type=\"section\">\n\t\t\t\t\t\t<div class=\"elementor-container elementor-column-gap-default\">\n\t\t\t\t\t<div class=\"elementor-column elementor-col-100 elementor-top-column elementor-element elementor-element-6c96fe2e\" data-id=\"6c96fe2e\" data-element_type=\"column\">\n\t\t\t<div class=\"elementor-widget-wrap elementor-element-populated\">\n\t\t\t\t\t\t<div class=\"elementor-element elementor-element-3236c6e0 elementor-widget elementor-widget-text-editor\" data-id=\"3236c6e0\" data-element_type=\"widget\" data-widget_type=\"text-editor.default\">\n\t\t\t\t<div class=\"elementor-widget-container\">\n\t\t\t\t\t\t\t\t\t\n<h2>Pol\u00edtica de Cookies<\/h2>\n\n<p>El sitio web de CENTRO ECOL\u00d3GICO CULTURAL LOS OLIVOS, S.A. utiliza cookies. Usted puede cambiar la configuraci\u00f3n o retirar su consentimiento de las cookies de nuestra web en cualquier momento.<\/p>\n<p>Esta p\u00e1gina utiliza tipos diferentes de cookies. Solo se almacenar\u00e1n cookies en su dispositivo si son estrictamente necesarias para el correcto funcionamiento del sitio web. Para todos los dem\u00e1s tipos de cookies necesitamos su consentimiento mediante la activaci\u00f3n de la casilla correspondiente.<\/p>\n<p>Tambi\u00e9n utilizamos cookies de anal\u00edtica web para medir y analizar la navegaci\u00f3n de los usuarios en nuestra p\u00e1gina web.<\/p>\n<p>Puede obtener m\u00e1s informaci\u00f3n sobre nosotros y c\u00f3mo contactarnos en nuestro <a href=\"https:\/\/www.avant-desarrollo.com\/losolivos\/aviso-legal\/\">Aviso legal<\/a> y de c\u00f3mo tratamos los datos personales en nuestra <a href=\"https:\/\/www.avant-desarrollo.com\/losolivos\/politica-privacidad\/\">Pol\u00edtica de Privacidad<\/a>.<\/p>\n\n<h2>\u00bfQue son las cookies?<\/h2>\n\n<p>Una <em>cookie <\/em>es un fichero que se descarga en su dispositivo a trav\u00e9s de la web. Las <em>cookies <\/em>permiten a una p\u00e1gina web, entre otras cosas, hacer funcione correctamente, almacenar y recuperar informaci\u00f3n sobre los h\u00e1bitos de navegaci\u00f3n de un usuario o de su dispositivo y, dependiendo de la informaci\u00f3n que contengan y de la forma en que utilice su dispositivo, pueden utilizarse para reconocer al usuario.<\/p>\n\n<h2>Tipos de cookies<\/h2>\n\n<ul>\n<li>Cookies t\u00e9cnicas y funcionales: son las estrictamente necesarias para el uso del sitio web y para la prestaci\u00f3n del servicio contratado.<\/li>\n<li>Cookies anal\u00edticas: recogen informaci\u00f3n del uso que se realiza del sitio web.<\/li>\n<li>Cookies de preferencias y personalizaci\u00f3n: Son aqu\u00e9llas que permiten al usuario acceder al servicio con algunas caracter\u00edsticas de car\u00e1cter general predefinidas en funci\u00f3n de una serie de criterios en el dispositivo<\/li>\n<li>del usuario como por ejemplo serian el idioma, el tipo de navegador a trav\u00e9s del cual accede al servicio, la configuraci\u00f3n regional desde donde accede al servicio, etc.<\/li>\n<li>Cookies sociales: son aquellas necesarias para redes sociales externas.<\/li>\n<li>Cookies de publicidad y comportamentales: recogen informaci\u00f3n sobre las preferencias y elecciones personales del usuario (retargeting).<\/li>\n<\/ul>\n\n<h2>\u00bfQue tipos de cookies utiliza esta p\u00e1gina web?<\/h2>\n\n<p>\u00a0<\/p>\n\n<h2>Desactivaci\u00f3n de cookies<\/h2>\n\n<p>Para permitir, conocer, bloquear o eliminar las cookies instaladas en su equipo puede hacerlo mediante la configuraci\u00f3n de las opciones del navegador instalado en su ordenador.<\/p>\n<p>Cambiar la configuraci\u00f3n de aceptaci\u00f3n de cookies, podr\u00eda entorpecer la navegaci\u00f3n y restarle funcionalidades a nuestra web. Aun as\u00ed, si quieres m\u00e1s informaci\u00f3n sobre su configuraci\u00f3n, puedes consultar las p\u00e1ginas web de los diferentes navegadores:<\/p>\n<p>\u00a0\u00a0\u00a0\u00a0\u00a0\u00a0\u00a0 Google Chrome: <a href=\"https:\/\/support.google.com\/chrome\/answer\/95647?hl=es\">https:\/\/support.google.com\/chrome\/answer\/95647?hl=es<\/a><\/p>\n<p>\u00a0\u00a0\u00a0\u00a0\u00a0\u00a0\u00a0 Firefox: <a href=\"http:\/\/support.mozilla.org\/es\/home\">http:\/\/support.mozilla.org\/es\/home<\/a><\/p>\n<p>\u00a0\u00a0\u00a0\u00a0\u00a0\u00a0\u00a0 Internet Explorer: <a href=\"http:\/\/support.microsoft.com\/ph\/807\/es-es\">http:\/\/support.microsoft.com\/ph\/807\/es-es<\/a><\/p>\n<p>\u00a0\u00a0\u00a0\u00a0\u00a0\u00a0\u00a0 Safari: <a href=\"http:\/\/support.apple.com\/kb\/HT1677?viewlocale=es_ES\">http:\/\/support.apple.com\/kb\/HT1677?viewlocale=es_ES<\/a><\/p>\n<p>\u00a0\u00a0\u00a0\u00a0\u00a0\u00a0\u00a0 Opera: <a href=\"http:\/\/help.opera.com\/Windows\/8.54\/es-ES\/index.html%20\">http:\/\/help.opera.com\/Windows\/8.54\/es-ES\/index.html<\/a><\/p>\n<p>\u00a0<\/p>\n\t\t\t\t\t\t\t\t<\/div>\n\t\t\t\t<\/div>\n\t\t\t\t\t<\/div>\n\t\t<\/div>\n\t\t\t\t\t<\/div>\n\t\t<\/section>\n\t\t\t\t<\/div>\n\t\t","protected":false},"excerpt":{"rendered":"<p>Pol\u00edtica de Cookies El sitio web de CENTRO ECOL\u00d3GICO CULTURAL LOS OLIVOS, S.A. utiliza cookies. Usted puede cambiar la configuraci\u00f3n o retirar su consentimiento de las cookies de nuestra web en cualquier momento. Esta p\u00e1gina utiliza tipos diferentes de cookies. Solo se almacenar\u00e1n cookies en su dispositivo si son estrictamente necesarias para el correcto funcionamiento [&hellip;]<\/p>\n","protected":false},"author":1,"featured_media":4108,"parent":0,"menu_order":11,"comment_status":"closed","ping_status":"open","template":"","meta":{"footnotes":""},"class_list":["post-4227","page","type-page","status-publish","has-post-thumbnail","hentry"],"_links":{"self":[{"href":"https:\/\/centrolosolivos.com\/en\/wp-json\/wp\/v2\/pages\/4227","targetHints":{"allow":["GET"]}}],"collection":[{"href":"https:\/\/centrolosolivos.com\/en\/wp-json\/wp\/v2\/pages"}],"about":[{"href":"https:\/\/centrolosolivos.com\/en\/wp-json\/wp\/v2\/types\/page"}],"author":[{"embeddable":true,"href":"https:\/\/centrolosolivos.com\/en\/wp-json\/wp\/v2\/users\/1"}],"replies":[{"embeddable":true,"href":"https:\/\/centrolosolivos.com\/en\/wp-json\/wp\/v2\/comments?post=4227"}],"version-history":[{"count":4,"href":"https:\/\/centrolosolivos.com\/en\/wp-json\/wp\/v2\/pages\/4227\/revisions"}],"predecessor-version":[{"id":4237,"href":"https:\/\/centrolosolivos.com\/en\/wp-json\/wp\/v2\/pages\/4227\/revisions\/4237"}],"wp:featuredmedia":[{"embeddable":true,"href":"https:\/\/centrolosolivos.com\/en\/wp-json\/wp\/v2\/media\/4108"}],"wp:attachment":[{"href":"https:\/\/centrolosolivos.com\/en\/wp-json\/wp\/v2\/media?parent=4227"}],"curies":[{"name":"wp","href":"https:\/\/api.w.org\/{rel}","templated":true}]}}