{"id":4225,"date":"2022-05-10T17:22:02","date_gmt":"2022-05-10T17:22:02","guid":{"rendered":"https:\/\/www.avant-desarrollo.com\/losolivos\/?page_id=4225"},"modified":"2022-08-05T10:51:02","modified_gmt":"2022-08-05T10:51:02","slug":"politica-de-privacidad","status":"publish","type":"page","link":"https:\/\/centrolosolivos.com\/en\/politica-de-privacidad\/","title":{"rendered":"Pol\u00edtica de privacidad"},"content":{"rendered":"\t\t<div data-elementor-type=\"wp-page\" data-elementor-id=\"4225\" class=\"elementor elementor-4225 elementor-3\">\n\t\t\t\t\t\t<section class=\"elementor-section elementor-top-section elementor-element elementor-element-15de9891 elementor-section-boxed elementor-section-height-default elementor-section-height-default\" data-id=\"15de9891\" data-element_type=\"section\">\n\t\t\t\t\t\t<div class=\"elementor-container elementor-column-gap-default\">\n\t\t\t\t\t<div class=\"elementor-column elementor-col-100 elementor-top-column elementor-element elementor-element-58df5ede\" data-id=\"58df5ede\" data-element_type=\"column\">\n\t\t\t<div class=\"elementor-widget-wrap elementor-element-populated\">\n\t\t\t\t\t\t<div class=\"elementor-element elementor-element-4429aff9 elementor-widget elementor-widget-text-editor\" data-id=\"4429aff9\" data-element_type=\"widget\" data-widget_type=\"text-editor.default\">\n\t\t\t\t<div class=\"elementor-widget-container\">\n\t\t\t\t\t\t\t\t\t\n<h2>Pol\u00edtica de Privacidad<\/h2>\n\n<p>CENTRO ECOL\u00d3GICO CULTURAL LOS OLIVOS, S.A. es la responsable del tratamiento y de conformidad con lo establecido en el Reglamento (UE) 2016\/679 del Parlamento Europeo y del Consejo de 27 de abril de 2016 y la Ley Org\u00e1nica 3\/2018 de Protecci\u00f3n de Datos y Garant\u00eda de los Derechos Digitales, garantiza la seguridad y confidencialidad de los datos facilitados por sus clientes.<\/p>\n<p>CENTRO ECOL\u00d3GICO CULTURAL LOS OLIVOS, S.A. informa que los datos personales facilitados a trav\u00e9s de los formularios de esta Web o mediante mensajes de correo electr\u00f3nico, ser\u00e1n incorporados en unos tratamientos de CENTRO ECOL\u00d3GICO CULTURAL LOS OLIVOS, S.A. y ser\u00e1n tratados de manera informatizada y en papel.<\/p>\n<p>Mediante el env\u00edo de los formularios existentes en esta Web el remitente da su consentimiento para ser incluido en el mencionado tratamiento con el objeto de suministrarle la informaci\u00f3n solicitada en los formularios o suscripciones.<\/p>\n<p>En el caso de que el usuario decida cumplimentar alg\u00fan formulario de este sitio Web d\u00f3nde se recaben datos de car\u00e1cter personal se le informa que CENTRO ECOL\u00d3GICO CULTURAL LOS OLIVOS, S.A. adoptar\u00e1 las medidas de \u00edndole t\u00e9cnica y organizativa necesarias que garanticen la seguridad de los datos suministrados a fin de evitar alteraciones, p\u00e9rdidas, tratamientos o accesos no autorizados, conforme al estado actual de la tecnolog\u00eda y de acuerdo con lo establecido por la normativa vigente.<\/p>\n<p>CENTRO ECOL\u00d3GICO CULTURAL LOS OLIVOS, S.A. sin embargo no puede garantizar la absoluta inexpugnabilidad del sistema, la red de acceso, Internet y por tanto la violaci\u00f3n de los datos mediante accesos fraudulentos a ellos por parte de terceros.<\/p>\n<p>El usuario responder\u00e1 en cualquier caso de la veracidad de la informaci\u00f3n suministrada y se hace responsable de comunicar a CENTRO ECOL\u00d3GICO CULTURAL LOS OLIVOS, S.A. cualquier modificaci\u00f3n sobre la misma, quedando CENTRO ECOL\u00d3GICO CULTURAL LOS OLIVOS, S.A. exenta de cualquier responsabilidad en este sentido.<\/p>\n<p>La informaci\u00f3n sobre finalidad, legitimaci\u00f3n, conservaci\u00f3n y comunicaciones del tratamiento son:<\/p>\n<p><strong>Tratamiento de Usuarios web:<\/strong> servir como soporte de informaci\u00f3n a la gesti\u00f3n de las comunicaciones y relaciones comerciales por v\u00eda electr\u00f3nica. En cuanto a la legitimaci\u00f3n del tratamiento estar\u00e1 regulada por el consentimiento del afectado y por el inter\u00e9s leg\u00edtimo del responsable. Los datos proporcionados se conservar\u00e1n hasta para dar soporte a su solicitud, la revocaci\u00f3n del consentimiento o durante los a\u00f1os necesarios para cumplir con las obligaciones legales. CENTRO ECOL\u00d3GICO CULTURAL LOS OLIVOS, S.A. no ceder\u00e1 datos salvo obligaci\u00f3n legal.<\/p>\n<p>Si lo desea puede dirigirse a CENTRO ECOL\u00d3GICO CULTURAL LOS OLIVOS, S.A., domiciliada en CALLE CAMINO ROSIANA, 12 de la localidad de TELDE (LAS PALMAS), Espa\u00f1a, con una copia de DNI o documento acreditativo equivalente con el fin de ejercer los siguientes derechos:<\/p>\n<ul>\n<li>Derecho de acceso: derecho a obtener confirmaci\u00f3n sobre si CENTRO ECOL\u00d3GICO CULTURAL LOS OLIVOS, S.A. est\u00e1 tratando datos personales que le conciernen y, en tal caso, acceder a los mismos.<\/li>\n<li>Derecho de portabilidad: derecho a recibir los datos personales que nos haya facilitado en un formato estructurado de uso com\u00fan y legible, as\u00ed como a transmitirlo a otra entidad.<\/li>\n<li>Derecho de rectificaci\u00f3n: derecho a solicitar la rectificaci\u00f3n de los datos cuando sean inexactos.<\/li>\n<li>Derecho de supresi\u00f3n: derecho a solicitar la supresi\u00f3n de los datos cuando ya no sean necesarios para los fines que fueron facilitados en su momento.<\/li>\n<li>Derecho de oposici\u00f3n: derecho a oponerte al tratamiento de tus datos personales. CENTRO ECOL\u00d3GICO CULTURAL LOS OLIVOS, S.A. dejar\u00e1 de tratar los datos, salvo por motivos leg\u00edtimos o en el ejercicio de posibles reclamaciones.<\/li>\n<li>Derecho a la limitaci\u00f3n del tratamiento: derecho a solicitar la limitaci\u00f3n del tratamiento de sus datos.<\/li>\n<\/ul>\n<p>\u00a0<\/p>\n<p>Por otro lado, si lo ha facilitado, tendr\u00e1 derecho a retirar el consentimiento prestado en cualquier momento y el derecho a reclamar ante la Agencia Espa\u00f1ola de Protecci\u00f3n de Datos.<\/p>\n\t\t\t\t\t\t\t\t<\/div>\n\t\t\t\t<\/div>\n\t\t\t\t\t<\/div>\n\t\t<\/div>\n\t\t\t\t\t<\/div>\n\t\t<\/section>\n\t\t\t\t<\/div>\n\t\t","protected":false},"excerpt":{"rendered":"<p>Pol\u00edtica de Privacidad CENTRO ECOL\u00d3GICO CULTURAL LOS OLIVOS, S.A. es la responsable del tratamiento y de conformidad con lo establecido en el Reglamento (UE) 2016\/679 del Parlamento Europeo y del Consejo de 27 de abril de 2016 y la Ley Org\u00e1nica 3\/2018 de Protecci\u00f3n de Datos y Garant\u00eda de los Derechos Digitales, garantiza la seguridad [&hellip;]<\/p>\n","protected":false},"author":1,"featured_media":4108,"parent":0,"menu_order":10,"comment_status":"closed","ping_status":"open","template":"","meta":{"footnotes":""},"class_list":["post-4225","page","type-page","status-publish","has-post-thumbnail","hentry"],"_links":{"self":[{"href":"https:\/\/centrolosolivos.com\/en\/wp-json\/wp\/v2\/pages\/4225","targetHints":{"allow":["GET"]}}],"collection":[{"href":"https:\/\/centrolosolivos.com\/en\/wp-json\/wp\/v2\/pages"}],"about":[{"href":"https:\/\/centrolosolivos.com\/en\/wp-json\/wp\/v2\/types\/page"}],"author":[{"embeddable":true,"href":"https:\/\/centrolosolivos.com\/en\/wp-json\/wp\/v2\/users\/1"}],"replies":[{"embeddable":true,"href":"https:\/\/centrolosolivos.com\/en\/wp-json\/wp\/v2\/comments?post=4225"}],"version-history":[{"count":4,"href":"https:\/\/centrolosolivos.com\/en\/wp-json\/wp\/v2\/pages\/4225\/revisions"}],"predecessor-version":[{"id":4234,"href":"https:\/\/centrolosolivos.com\/en\/wp-json\/wp\/v2\/pages\/4225\/revisions\/4234"}],"wp:featuredmedia":[{"embeddable":true,"href":"https:\/\/centrolosolivos.com\/en\/wp-json\/wp\/v2\/media\/4108"}],"wp:attachment":[{"href":"https:\/\/centrolosolivos.com\/en\/wp-json\/wp\/v2\/media?parent=4225"}],"curies":[{"name":"wp","href":"https:\/\/api.w.org\/{rel}","templated":true}]}}